{"id":98,"date":"2022-01-25T10:13:18","date_gmt":"2022-01-25T10:13:18","guid":{"rendered":"https:\/\/katremedya.com\/?page_id=98"},"modified":"2022-02-04T09:08:26","modified_gmt":"2022-02-04T09:08:26","slug":"kurumsal-iletisim-danismanligi","status":"publish","type":"page","link":"https:\/\/katremedya.com\/?page_id=98","title":{"rendered":"Kurumsal \u0130leti\u015fim Dan\u0131\u015fmanl\u0131\u011f\u0131"},"content":{"rendered":"\n<p>KURUMSAL \u0130LET\u0130\u015e\u0130M DANI\u015eMANLI\u011eI<\/p>\n\n\n\n<ul class=\"wp-block-list\"><li>Hedef kitle ve m\u00fc\u015fterinize kurumunuzun tan\u0131t\u0131m\u0131n\u0131 yap\u0131yoruz.<\/li><li>Kuruma ait ileti\u015fim politikalar\u0131 olu\u015fturuyoruz. <\/li><li>Kurumun reklam, pazarlama, sat\u0131\u015f politikalar\u0131n\u0131 destekleyici \u00e7al\u0131\u015fmalar yap\u0131yoruz,<\/li><li>Kurum ve marka i\u00e7in Reklam, Kurumsal Tan\u0131t\u0131m Filmi, Foto\u011fraf ve Video \u00c7ekimleri yap\u0131yoruz,<\/li><li>Olu\u015fturdu\u011fumuz ileti\u015fim politikalar\u0131n\u0131 firman\u0131n ama\u00e7 ve hedefleri do\u011frultusunda, y\u00f6netimle birlikte uygulamaya koyuyoruz,<\/li><li>Kurum i\u00e7i ve d\u0131\u015f\u0131 seminer, e\u011fitim, \u00a0etkinlik vs. projeler d\u00fczenliyor, projeleri y\u00f6netiyoruz.<\/li><li>Sosyal Medya ve tan\u0131t\u0131m alanlar\u0131nda kurum faliyetlerini tan\u0131t\u0131c\u0131 i\u00e7erikler \u00fcretiyoruz.<\/li><li>Periyodik s\u00fcre\u00e7lerde yapt\u0131\u011f\u0131m\u0131z t\u00fcm \u00e7al\u0131\u015fmalar\u0131 raporluyor y\u00f6netimle payla\u015f\u0131yoruz,<\/li><li>Rakip firma ve kurumlarla ilgili analizler yap\u0131yor ve yetkililerle payla\u015f\u0131yoruz, Stratejilerimizi bu analizler do\u011frultusunda y\u00fcr\u00fct\u00fcyoruz,<\/li><li>\u0130leti\u015fim kanallar\u0131n\u0131 kullanarak, Hedef kitleyi bilgilendirici \u00e7al\u0131\u015fmalar y\u00fcr\u00fct\u00fcyoruz,<\/li><li>Tan\u0131t\u0131m ve Pazarlama konular\u0131nda stratejiler olu\u015fturuyor ve y\u00f6netiyoruz,<\/li><li>Kurumun Medya kanallar\u0131 ile ba\u011flant\u0131lar\u0131 y\u00fcr\u00fct\u00fcyor, reklam organizasyonlar\u0131n yap\u0131yoruz,<\/li><li>Kurumsal ileti\u015fim gerektiren t\u00fcm konularda kurumun ama\u00e7 ve konular\u0131n\u0131n do\u011fru anla\u015f\u0131lmas\u0131n\u0131 sa\u011flayacak \u00e7al\u0131\u015fmalar y\u00fcr\u00fct\u00fcyoruz,<\/li><\/ul>\n","protected":false},"excerpt":{"rendered":"<p>KURUMSAL \u0130LET\u0130\u015e\u0130M DANI\u015eMANLI\u011eI Hedef kitle ve m\u00fc\u015fterinize kurumunuzun tan\u0131t\u0131m\u0131n\u0131 yap\u0131yoruz. Kuruma ait ileti\u015fim politikalar\u0131 olu\u015fturuyoruz. Kurumun reklam, pazarlama, sat\u0131\u015f politikalar\u0131n\u0131 destekleyici \u00e7al\u0131\u015fmalar yap\u0131yoruz, Kurum ve marka i\u00e7in Reklam, Kurumsal Tan\u0131t\u0131m Filmi, Foto\u011fraf ve Video \u00c7ekimleri yap\u0131yoruz, Olu\u015fturdu\u011fumuz ileti\u015fim politikalar\u0131n\u0131 firman\u0131n ama\u00e7 ve hedefleri do\u011frultusunda, y\u00f6netimle birlikte uygulamaya koyuyoruz, Kurum i\u00e7i ve d\u0131\u015f\u0131 seminer, e\u011fitim, \u00a0etkinlik vs. projeler d\u00fczenliyor, projeleri y\u00f6netiyoruz. Sosyal Medya ve tan\u0131t\u0131m alanlar\u0131nda &hellip; <\/p>\n","protected":false},"author":1,"featured_media":0,"parent":0,"menu_order":0,"comment_status":"closed","ping_status":"closed","template":"","meta":{"footnotes":""},"class_list":["post-98","page","type-page","status-publish","hentry"],"_links":{"self":[{"href":"https:\/\/katremedya.com\/index.php?rest_route=\/wp\/v2\/pages\/98","targetHints":{"allow":["GET"]}}],"collection":[{"href":"https:\/\/katremedya.com\/index.php?rest_route=\/wp\/v2\/pages"}],"about":[{"href":"https:\/\/katremedya.com\/index.php?rest_route=\/wp\/v2\/types\/page"}],"author":[{"embeddable":true,"href":"https:\/\/katremedya.com\/index.php?rest_route=\/wp\/v2\/users\/1"}],"replies":[{"embeddable":true,"href":"https:\/\/katremedya.com\/index.php?rest_route=%2Fwp%2Fv2%2Fcomments&post=98"}],"version-history":[{"count":5,"href":"https:\/\/katremedya.com\/index.php?rest_route=\/wp\/v2\/pages\/98\/revisions"}],"predecessor-version":[{"id":249,"href":"https:\/\/katremedya.com\/index.php?rest_route=\/wp\/v2\/pages\/98\/revisions\/249"}],"wp:attachment":[{"href":"https:\/\/katremedya.com\/index.php?rest_route=%2Fwp%2Fv2%2Fmedia&parent=98"}],"curies":[{"name":"wp","href":"https:\/\/api.w.org\/{rel}","templated":true}]}}