{"id":95,"date":"2022-01-25T10:12:58","date_gmt":"2022-01-25T10:12:58","guid":{"rendered":"https:\/\/katremedya.com\/?page_id=95"},"modified":"2022-02-15T08:03:37","modified_gmt":"2022-02-15T08:03:37","slug":"reklam-ve-tanitim-filmi","status":"publish","type":"page","link":"https:\/\/katremedya.com\/?page_id=95","title":{"rendered":"Reklam ve Tan\u0131t\u0131m Filmi"},"content":{"rendered":"\n<figure class=\"wp-block-embed is-type-video is-provider-youtube wp-block-embed-youtube wp-embed-aspect-16-9 wp-has-aspect-ratio\"><div class=\"wp-block-embed__wrapper\">\n<iframe loading=\"lazy\" title=\"Restoran Haftas\u0131 Tan\u0131t\u0131m Filmi\" width=\"1020\" height=\"574\" src=\"https:\/\/www.youtube.com\/embed\/_05nvE8V1Ug?feature=oembed\" frameborder=\"0\" allow=\"accelerometer; autoplay; clipboard-write; encrypted-media; gyroscope; picture-in-picture\" allowfullscreen><\/iframe>\n<\/div><\/figure>\n\n\n\n<figure class=\"wp-block-embed is-type-video is-provider-youtube wp-block-embed-youtube wp-embed-aspect-16-9 wp-has-aspect-ratio\"><div class=\"wp-block-embed__wrapper\">\n<iframe loading=\"lazy\" title=\"Yasmin Bodrum Resort HD 1st ver    Official Promo Video\" width=\"1020\" height=\"574\" src=\"https:\/\/www.youtube.com\/embed\/fzA8DDmNlfo?feature=oembed\" frameborder=\"0\" allow=\"accelerometer; autoplay; clipboard-write; encrypted-media; gyroscope; picture-in-picture\" allowfullscreen><\/iframe>\n<\/div><\/figure>\n\n\n\n<figure class=\"wp-block-embed is-type-video is-provider-youtube wp-block-embed-youtube wp-embed-aspect-16-9 wp-has-aspect-ratio\"><div class=\"wp-block-embed__wrapper\">\n<iframe loading=\"lazy\" title=\"Show Real Motivasyon Personel Trainer\" width=\"1020\" height=\"574\" src=\"https:\/\/www.youtube.com\/embed\/jWLfNMwdUeU?feature=oembed\" frameborder=\"0\" allow=\"accelerometer; autoplay; clipboard-write; encrypted-media; gyroscope; picture-in-picture\" allowfullscreen><\/iframe>\n<\/div><\/figure>\n","protected":false},"excerpt":{"rendered":"","protected":false},"author":1,"featured_media":0,"parent":0,"menu_order":0,"comment_status":"closed","ping_status":"closed","template":"","meta":{"footnotes":""},"class_list":["post-95","page","type-page","status-publish","hentry"],"_links":{"self":[{"href":"https:\/\/katremedya.com\/index.php?rest_route=\/wp\/v2\/pages\/95","targetHints":{"allow":["GET"]}}],"collection":[{"href":"https:\/\/katremedya.com\/index.php?rest_route=\/wp\/v2\/pages"}],"about":[{"href":"https:\/\/katremedya.com\/index.php?rest_route=\/wp\/v2\/types\/page"}],"author":[{"embeddable":true,"href":"https:\/\/katremedya.com\/index.php?rest_route=\/wp\/v2\/users\/1"}],"replies":[{"embeddable":true,"href":"https:\/\/katremedya.com\/index.php?rest_route=%2Fwp%2Fv2%2Fcomments&post=95"}],"version-history":[{"count":3,"href":"https:\/\/katremedya.com\/index.php?rest_route=\/wp\/v2\/pages\/95\/revisions"}],"predecessor-version":[{"id":295,"href":"https:\/\/katremedya.com\/index.php?rest_route=\/wp\/v2\/pages\/95\/revisions\/295"}],"wp:attachment":[{"href":"https:\/\/katremedya.com\/index.php?rest_route=%2Fwp%2Fv2%2Fmedia&parent=95"}],"curies":[{"name":"wp","href":"https:\/\/api.w.org\/{rel}","templated":true}]}}