{"id":88,"date":"2022-01-25T10:10:26","date_gmt":"2022-01-25T10:10:26","guid":{"rendered":"https:\/\/katremedya.com\/?page_id=88"},"modified":"2022-02-16T10:18:56","modified_gmt":"2022-02-16T10:18:56","slug":"belgesel-yapim","status":"publish","type":"page","link":"https:\/\/katremedya.com\/?page_id=88","title":{"rendered":"Belgesel Yap\u0131m"},"content":{"rendered":"\n<figure class=\"wp-block-gallery has-nested-images columns-default is-cropped wp-block-gallery-1 is-layout-flex wp-block-gallery-is-layout-flex\">\n<figure class=\"wp-block-image size-large\"><img loading=\"lazy\" decoding=\"async\" width=\"454\" height=\"303\" data-id=\"264\" src=\"https:\/\/katremedya.com\/wp-content\/uploads\/2022\/02\/Bedia_Muvahhid_C\u0327ekimleri.jpg\" alt=\"\" class=\"wp-image-264\" srcset=\"https:\/\/katremedya.com\/wp-content\/uploads\/2022\/02\/Bedia_Muvahhid_C\u0327ekimleri.jpg 454w, https:\/\/katremedya.com\/wp-content\/uploads\/2022\/02\/Bedia_Muvahhid_C\u0327ekimleri-300x200.jpg 300w, https:\/\/katremedya.com\/wp-content\/uploads\/2022\/02\/Bedia_Muvahhid_C\u0327ekimleri-450x300.jpg 450w, https:\/\/katremedya.com\/wp-content\/uploads\/2022\/02\/Bedia_Muvahhid_C\u0327ekimleri-90x60.jpg 90w\" sizes=\"auto, (max-width: 454px) 100vw, 454px\" \/><\/figure>\n\n\n\n<figure class=\"wp-block-image size-large\"><img loading=\"lazy\" decoding=\"async\" width=\"454\" height=\"302\" data-id=\"265\" src=\"https:\/\/katremedya.com\/wp-content\/uploads\/2022\/02\/Cahide_Sonku_C\u0327ekimleri.jpg\" alt=\"\" class=\"wp-image-265\" srcset=\"https:\/\/katremedya.com\/wp-content\/uploads\/2022\/02\/Cahide_Sonku_C\u0327ekimleri.jpg 454w, https:\/\/katremedya.com\/wp-content\/uploads\/2022\/02\/Cahide_Sonku_C\u0327ekimleri-300x200.jpg 300w, https:\/\/katremedya.com\/wp-content\/uploads\/2022\/02\/Cahide_Sonku_C\u0327ekimleri-450x300.jpg 450w, https:\/\/katremedya.com\/wp-content\/uploads\/2022\/02\/Cahide_Sonku_C\u0327ekimleri-90x60.jpg 90w\" sizes=\"auto, (max-width: 454px) 100vw, 454px\" \/><\/figure>\n\n\n\n<figure class=\"wp-block-image size-large\"><img loading=\"lazy\" decoding=\"async\" width=\"454\" height=\"301\" data-id=\"266\" src=\"https:\/\/katremedya.com\/wp-content\/uploads\/2022\/02\/Cahide_Sonku_C\u0327ekimleri6.jpg\" alt=\"\" class=\"wp-image-266\" srcset=\"https:\/\/katremedya.com\/wp-content\/uploads\/2022\/02\/Cahide_Sonku_C\u0327ekimleri6.jpg 454w, https:\/\/katremedya.com\/wp-content\/uploads\/2022\/02\/Cahide_Sonku_C\u0327ekimleri6-300x199.jpg 300w, https:\/\/katremedya.com\/wp-content\/uploads\/2022\/02\/Cahide_Sonku_C\u0327ekimleri6-90x60.jpg 90w\" sizes=\"auto, (max-width: 454px) 100vw, 454px\" \/><\/figure>\n\n\n\n<figure class=\"wp-block-image size-large\"><img loading=\"lazy\" decoding=\"async\" width=\"454\" height=\"680\" data-id=\"283\" src=\"https:\/\/katremedya.com\/wp-content\/uploads\/2022\/02\/Fatma_Aliye_C\u0327ekimleri.jpg\" alt=\"\" class=\"wp-image-283\" srcset=\"https:\/\/katremedya.com\/wp-content\/uploads\/2022\/02\/Fatma_Aliye_C\u0327ekimleri.jpg 454w, https:\/\/katremedya.com\/wp-content\/uploads\/2022\/02\/Fatma_Aliye_C\u0327ekimleri-200x300.jpg 200w, https:\/\/katremedya.com\/wp-content\/uploads\/2022\/02\/Fatma_Aliye_C\u0327ekimleri-40x60.jpg 40w\" sizes=\"auto, (max-width: 454px) 100vw, 454px\" \/><\/figure>\n\n\n\n<figure class=\"wp-block-image size-large\"><img loading=\"lazy\" decoding=\"async\" width=\"454\" height=\"303\" data-id=\"267\" src=\"https:\/\/katremedya.com\/wp-content\/uploads\/2022\/02\/Fatma_Aliye_C\u0327ekimleri3.jpg\" alt=\"\" class=\"wp-image-267\" srcset=\"https:\/\/katremedya.com\/wp-content\/uploads\/2022\/02\/Fatma_Aliye_C\u0327ekimleri3.jpg 454w, https:\/\/katremedya.com\/wp-content\/uploads\/2022\/02\/Fatma_Aliye_C\u0327ekimleri3-300x200.jpg 300w, https:\/\/katremedya.com\/wp-content\/uploads\/2022\/02\/Fatma_Aliye_C\u0327ekimleri3-450x300.jpg 450w, https:\/\/katremedya.com\/wp-content\/uploads\/2022\/02\/Fatma_Aliye_C\u0327ekimleri3-90x60.jpg 90w\" sizes=\"auto, (max-width: 454px) 100vw, 454px\" \/><\/figure>\n\n\n\n<figure class=\"wp-block-image size-large\"><img loading=\"lazy\" decoding=\"async\" width=\"454\" height=\"302\" data-id=\"276\" src=\"https:\/\/katremedya.com\/wp-content\/uploads\/2022\/02\/Feriha_Sanerk_C\u0327ekimleri3.jpg\" alt=\"\" class=\"wp-image-276\" srcset=\"https:\/\/katremedya.com\/wp-content\/uploads\/2022\/02\/Feriha_Sanerk_C\u0327ekimleri3.jpg 454w, https:\/\/katremedya.com\/wp-content\/uploads\/2022\/02\/Feriha_Sanerk_C\u0327ekimleri3-300x200.jpg 300w, https:\/\/katremedya.com\/wp-content\/uploads\/2022\/02\/Feriha_Sanerk_C\u0327ekimleri3-450x300.jpg 450w, https:\/\/katremedya.com\/wp-content\/uploads\/2022\/02\/Feriha_Sanerk_C\u0327ekimleri3-90x60.jpg 90w\" sizes=\"auto, (max-width: 454px) 100vw, 454px\" \/><\/figure>\n\n\n\n<figure class=\"wp-block-image size-large\"><img loading=\"lazy\" decoding=\"async\" width=\"454\" height=\"304\" data-id=\"268\" src=\"https:\/\/katremedya.com\/wp-content\/uploads\/2022\/02\/I\u0307nci_O\u0308zdil_C\u0327ekimleri.jpg\" alt=\"\" class=\"wp-image-268\" srcset=\"https:\/\/katremedya.com\/wp-content\/uploads\/2022\/02\/I\u0307nci_O\u0308zdil_C\u0327ekimleri.jpg 454w, https:\/\/katremedya.com\/wp-content\/uploads\/2022\/02\/I\u0307nci_O\u0308zdil_C\u0327ekimleri-300x201.jpg 300w, https:\/\/katremedya.com\/wp-content\/uploads\/2022\/02\/I\u0307nci_O\u0308zdil_C\u0327ekimleri-450x300.jpg 450w, https:\/\/katremedya.com\/wp-content\/uploads\/2022\/02\/I\u0307nci_O\u0308zdil_C\u0327ekimleri-90x60.jpg 90w\" sizes=\"auto, (max-width: 454px) 100vw, 454px\" \/><\/figure>\n\n\n\n<figure class=\"wp-block-image size-large\"><img loading=\"lazy\" decoding=\"async\" width=\"454\" height=\"303\" data-id=\"269\" src=\"https:\/\/katremedya.com\/wp-content\/uploads\/2022\/02\/I\u0307nci_O\u0308zdil_C\u0327ekimleri3.jpg\" alt=\"\" class=\"wp-image-269\" srcset=\"https:\/\/katremedya.com\/wp-content\/uploads\/2022\/02\/I\u0307nci_O\u0308zdil_C\u0327ekimleri3.jpg 454w, https:\/\/katremedya.com\/wp-content\/uploads\/2022\/02\/I\u0307nci_O\u0308zdil_C\u0327ekimleri3-300x200.jpg 300w, https:\/\/katremedya.com\/wp-content\/uploads\/2022\/02\/I\u0307nci_O\u0308zdil_C\u0327ekimleri3-450x300.jpg 450w, https:\/\/katremedya.com\/wp-content\/uploads\/2022\/02\/I\u0307nci_O\u0308zdil_C\u0327ekimleri3-90x60.jpg 90w\" sizes=\"auto, (max-width: 454px) 100vw, 454px\" \/><\/figure>\n\n\n\n<figure class=\"wp-block-image size-large\"><img loading=\"lazy\" decoding=\"async\" width=\"454\" height=\"302\" data-id=\"271\" src=\"https:\/\/katremedya.com\/wp-content\/uploads\/2022\/02\/Lale_Orta_C\u0327ekimleri.jpg\" alt=\"\" class=\"wp-image-271\" srcset=\"https:\/\/katremedya.com\/wp-content\/uploads\/2022\/02\/Lale_Orta_C\u0327ekimleri.jpg 454w, https:\/\/katremedya.com\/wp-content\/uploads\/2022\/02\/Lale_Orta_C\u0327ekimleri-300x200.jpg 300w, https:\/\/katremedya.com\/wp-content\/uploads\/2022\/02\/Lale_Orta_C\u0327ekimleri-450x300.jpg 450w, https:\/\/katremedya.com\/wp-content\/uploads\/2022\/02\/Lale_Orta_C\u0327ekimleri-90x60.jpg 90w\" sizes=\"auto, (max-width: 454px) 100vw, 454px\" \/><\/figure>\n\n\n\n<figure class=\"wp-block-image size-large\"><img loading=\"lazy\" decoding=\"async\" width=\"454\" height=\"303\" data-id=\"270\" src=\"https:\/\/katremedya.com\/wp-content\/uploads\/2022\/02\/Mu\u0308fide_I\u0307lhan_C\u0327ekimleri1.jpg\" alt=\"\" class=\"wp-image-270\" srcset=\"https:\/\/katremedya.com\/wp-content\/uploads\/2022\/02\/Mu\u0308fide_I\u0307lhan_C\u0327ekimleri1.jpg 454w, https:\/\/katremedya.com\/wp-content\/uploads\/2022\/02\/Mu\u0308fide_I\u0307lhan_C\u0327ekimleri1-300x200.jpg 300w, https:\/\/katremedya.com\/wp-content\/uploads\/2022\/02\/Mu\u0308fide_I\u0307lhan_C\u0327ekimleri1-450x300.jpg 450w, https:\/\/katremedya.com\/wp-content\/uploads\/2022\/02\/Mu\u0308fide_I\u0307lhan_C\u0327ekimleri1-90x60.jpg 90w\" sizes=\"auto, (max-width: 454px) 100vw, 454px\" \/><\/figure>\n\n\n\n<figure class=\"wp-block-image size-large\"><img loading=\"lazy\" decoding=\"async\" width=\"454\" height=\"303\" data-id=\"272\" src=\"https:\/\/katremedya.com\/wp-content\/uploads\/2022\/02\/Mu\u0308fide_I\u0307lhan_C\u0327ekimleri3.jpg\" alt=\"\" class=\"wp-image-272\" srcset=\"https:\/\/katremedya.com\/wp-content\/uploads\/2022\/02\/Mu\u0308fide_I\u0307lhan_C\u0327ekimleri3.jpg 454w, https:\/\/katremedya.com\/wp-content\/uploads\/2022\/02\/Mu\u0308fide_I\u0307lhan_C\u0327ekimleri3-300x200.jpg 300w, https:\/\/katremedya.com\/wp-content\/uploads\/2022\/02\/Mu\u0308fide_I\u0307lhan_C\u0327ekimleri3-450x300.jpg 450w, https:\/\/katremedya.com\/wp-content\/uploads\/2022\/02\/Mu\u0308fide_I\u0307lhan_C\u0327ekimleri3-90x60.jpg 90w\" sizes=\"auto, (max-width: 454px) 100vw, 454px\" \/><\/figure>\n\n\n\n<figure class=\"wp-block-image size-large\"><img loading=\"lazy\" decoding=\"async\" width=\"454\" height=\"303\" data-id=\"273\" src=\"https:\/\/katremedya.com\/wp-content\/uploads\/2022\/02\/Mu\u0308fide_I\u0307lhan_C\u0327ekimleri4.jpg\" alt=\"\" class=\"wp-image-273\" srcset=\"https:\/\/katremedya.com\/wp-content\/uploads\/2022\/02\/Mu\u0308fide_I\u0307lhan_C\u0327ekimleri4.jpg 454w, https:\/\/katremedya.com\/wp-content\/uploads\/2022\/02\/Mu\u0308fide_I\u0307lhan_C\u0327ekimleri4-300x200.jpg 300w, https:\/\/katremedya.com\/wp-content\/uploads\/2022\/02\/Mu\u0308fide_I\u0307lhan_C\u0327ekimleri4-450x300.jpg 450w, https:\/\/katremedya.com\/wp-content\/uploads\/2022\/02\/Mu\u0308fide_I\u0307lhan_C\u0327ekimleri4-90x60.jpg 90w\" sizes=\"auto, (max-width: 454px) 100vw, 454px\" \/><\/figure>\n\n\n\n<figure class=\"wp-block-image size-large\"><img loading=\"lazy\" decoding=\"async\" width=\"454\" height=\"303\" data-id=\"278\" src=\"https:\/\/katremedya.com\/wp-content\/uploads\/2022\/02\/Mu\u0308fide_I\u0307lhan_C\u0327ekimleri5.jpg\" alt=\"\" class=\"wp-image-278\" srcset=\"https:\/\/katremedya.com\/wp-content\/uploads\/2022\/02\/Mu\u0308fide_I\u0307lhan_C\u0327ekimleri5.jpg 454w, https:\/\/katremedya.com\/wp-content\/uploads\/2022\/02\/Mu\u0308fide_I\u0307lhan_C\u0327ekimleri5-300x200.jpg 300w, https:\/\/katremedya.com\/wp-content\/uploads\/2022\/02\/Mu\u0308fide_I\u0307lhan_C\u0327ekimleri5-450x300.jpg 450w, https:\/\/katremedya.com\/wp-content\/uploads\/2022\/02\/Mu\u0308fide_I\u0307lhan_C\u0327ekimleri5-90x60.jpg 90w\" sizes=\"auto, (max-width: 454px) 100vw, 454px\" \/><\/figure>\n\n\n\n<figure class=\"wp-block-image size-large\"><img loading=\"lazy\" decoding=\"async\" width=\"454\" height=\"303\" data-id=\"274\" src=\"https:\/\/katremedya.com\/wp-content\/uploads\/2022\/02\/Mu\u0308fide_I\u0307lhan_C\u0327ekimleri6.jpg\" alt=\"\" class=\"wp-image-274\" srcset=\"https:\/\/katremedya.com\/wp-content\/uploads\/2022\/02\/Mu\u0308fide_I\u0307lhan_C\u0327ekimleri6.jpg 454w, https:\/\/katremedya.com\/wp-content\/uploads\/2022\/02\/Mu\u0308fide_I\u0307lhan_C\u0327ekimleri6-300x200.jpg 300w, https:\/\/katremedya.com\/wp-content\/uploads\/2022\/02\/Mu\u0308fide_I\u0307lhan_C\u0327ekimleri6-450x300.jpg 450w, https:\/\/katremedya.com\/wp-content\/uploads\/2022\/02\/Mu\u0308fide_I\u0307lhan_C\u0327ekimleri6-90x60.jpg 90w\" sizes=\"auto, (max-width: 454px) 100vw, 454px\" \/><\/figure>\n\n\n\n<figure class=\"wp-block-image size-large\"><img loading=\"lazy\" decoding=\"async\" width=\"454\" height=\"304\" data-id=\"275\" src=\"https:\/\/katremedya.com\/wp-content\/uploads\/2022\/02\/Samiye_Morkaya_C\u0327ekimleri.jpg\" alt=\"\" class=\"wp-image-275\" srcset=\"https:\/\/katremedya.com\/wp-content\/uploads\/2022\/02\/Samiye_Morkaya_C\u0327ekimleri.jpg 454w, https:\/\/katremedya.com\/wp-content\/uploads\/2022\/02\/Samiye_Morkaya_C\u0327ekimleri-300x201.jpg 300w, https:\/\/katremedya.com\/wp-content\/uploads\/2022\/02\/Samiye_Morkaya_C\u0327ekimleri-450x300.jpg 450w, https:\/\/katremedya.com\/wp-content\/uploads\/2022\/02\/Samiye_Morkaya_C\u0327ekimleri-90x60.jpg 90w\" sizes=\"auto, (max-width: 454px) 100vw, 454px\" \/><\/figure>\n\n\n\n<figure class=\"wp-block-image size-large\"><img loading=\"lazy\" decoding=\"async\" width=\"454\" height=\"303\" data-id=\"277\" src=\"https:\/\/katremedya.com\/wp-content\/uploads\/2022\/02\/Samiye_Morkaya_C\u0327ekimleri5.jpg\" alt=\"\" class=\"wp-image-277\" srcset=\"https:\/\/katremedya.com\/wp-content\/uploads\/2022\/02\/Samiye_Morkaya_C\u0327ekimleri5.jpg 454w, https:\/\/katremedya.com\/wp-content\/uploads\/2022\/02\/Samiye_Morkaya_C\u0327ekimleri5-300x200.jpg 300w, https:\/\/katremedya.com\/wp-content\/uploads\/2022\/02\/Samiye_Morkaya_C\u0327ekimleri5-450x300.jpg 450w, https:\/\/katremedya.com\/wp-content\/uploads\/2022\/02\/Samiye_Morkaya_C\u0327ekimleri5-90x60.jpg 90w\" sizes=\"auto, (max-width: 454px) 100vw, 454px\" \/><\/figure>\n\n\n\n<figure class=\"wp-block-image size-large\"><img loading=\"lazy\" decoding=\"async\" width=\"454\" height=\"302\" data-id=\"279\" src=\"https:\/\/katremedya.com\/wp-content\/uploads\/2022\/02\/Sati_Kadin_C\u0327ekimleri.jpg\" alt=\"\" class=\"wp-image-279\" srcset=\"https:\/\/katremedya.com\/wp-content\/uploads\/2022\/02\/Sati_Kadin_C\u0327ekimleri.jpg 454w, https:\/\/katremedya.com\/wp-content\/uploads\/2022\/02\/Sati_Kadin_C\u0327ekimleri-300x200.jpg 300w, https:\/\/katremedya.com\/wp-content\/uploads\/2022\/02\/Sati_Kadin_C\u0327ekimleri-450x300.jpg 450w, https:\/\/katremedya.com\/wp-content\/uploads\/2022\/02\/Sati_Kadin_C\u0327ekimleri-90x60.jpg 90w\" sizes=\"auto, (max-width: 454px) 100vw, 454px\" \/><\/figure>\n\n\n\n<figure class=\"wp-block-image size-large\"><img loading=\"lazy\" decoding=\"async\" width=\"454\" height=\"303\" data-id=\"280\" src=\"https:\/\/katremedya.com\/wp-content\/uploads\/2022\/02\/Sati_Kadin_C\u0327ekimleri6.jpg\" alt=\"\" class=\"wp-image-280\" srcset=\"https:\/\/katremedya.com\/wp-content\/uploads\/2022\/02\/Sati_Kadin_C\u0327ekimleri6.jpg 454w, https:\/\/katremedya.com\/wp-content\/uploads\/2022\/02\/Sati_Kadin_C\u0327ekimleri6-300x200.jpg 300w, https:\/\/katremedya.com\/wp-content\/uploads\/2022\/02\/Sati_Kadin_C\u0327ekimleri6-450x300.jpg 450w, https:\/\/katremedya.com\/wp-content\/uploads\/2022\/02\/Sati_Kadin_C\u0327ekimleri6-90x60.jpg 90w\" sizes=\"auto, (max-width: 454px) 100vw, 454px\" \/><\/figure>\n\n\n\n<figure class=\"wp-block-image size-large\"><img loading=\"lazy\" decoding=\"async\" width=\"454\" height=\"302\" data-id=\"281\" src=\"https:\/\/katremedya.com\/wp-content\/uploads\/2022\/02\/Seher_Aytac\u0327_C\u0327ekimleri.jpg\" alt=\"\" class=\"wp-image-281\" srcset=\"https:\/\/katremedya.com\/wp-content\/uploads\/2022\/02\/Seher_Aytac\u0327_C\u0327ekimleri.jpg 454w, https:\/\/katremedya.com\/wp-content\/uploads\/2022\/02\/Seher_Aytac\u0327_C\u0327ekimleri-300x200.jpg 300w, https:\/\/katremedya.com\/wp-content\/uploads\/2022\/02\/Seher_Aytac\u0327_C\u0327ekimleri-450x300.jpg 450w, https:\/\/katremedya.com\/wp-content\/uploads\/2022\/02\/Seher_Aytac\u0327_C\u0327ekimleri-90x60.jpg 90w\" sizes=\"auto, (max-width: 454px) 100vw, 454px\" \/><\/figure>\n\n\n\n<figure class=\"wp-block-image size-large\"><img loading=\"lazy\" decoding=\"async\" width=\"454\" height=\"572\" data-id=\"282\" src=\"https:\/\/katremedya.com\/wp-content\/uploads\/2022\/02\/Semiha_Es_C\u0327ekimleri.jpg\" alt=\"\" class=\"wp-image-282\" srcset=\"https:\/\/katremedya.com\/wp-content\/uploads\/2022\/02\/Semiha_Es_C\u0327ekimleri.jpg 454w, https:\/\/katremedya.com\/wp-content\/uploads\/2022\/02\/Semiha_Es_C\u0327ekimleri-238x300.jpg 238w, https:\/\/katremedya.com\/wp-content\/uploads\/2022\/02\/Semiha_Es_C\u0327ekimleri-48x60.jpg 48w\" sizes=\"auto, (max-width: 454px) 100vw, 454px\" \/><\/figure>\n\n\n\n<figure class=\"wp-block-image size-large\"><img loading=\"lazy\" decoding=\"async\" width=\"454\" height=\"302\" data-id=\"285\" src=\"https:\/\/katremedya.com\/wp-content\/uploads\/2022\/02\/Semiha_Es_C\u0327ekimleri2.jpg\" alt=\"\" class=\"wp-image-285\" srcset=\"https:\/\/katremedya.com\/wp-content\/uploads\/2022\/02\/Semiha_Es_C\u0327ekimleri2.jpg 454w, https:\/\/katremedya.com\/wp-content\/uploads\/2022\/02\/Semiha_Es_C\u0327ekimleri2-300x200.jpg 300w, https:\/\/katremedya.com\/wp-content\/uploads\/2022\/02\/Semiha_Es_C\u0327ekimleri2-450x300.jpg 450w, https:\/\/katremedya.com\/wp-content\/uploads\/2022\/02\/Semiha_Es_C\u0327ekimleri2-90x60.jpg 90w\" sizes=\"auto, (max-width: 454px) 100vw, 454px\" \/><\/figure>\n\n\n\n<figure class=\"wp-block-image size-large\"><img loading=\"lazy\" decoding=\"async\" width=\"454\" height=\"303\" data-id=\"286\" src=\"https:\/\/katremedya.com\/wp-content\/uploads\/2022\/02\/Su\u0308reyya_Ag\u0306aog\u0306lu_C\u0327ekimleri.jpg\" alt=\"\" class=\"wp-image-286\" srcset=\"https:\/\/katremedya.com\/wp-content\/uploads\/2022\/02\/Su\u0308reyya_Ag\u0306aog\u0306lu_C\u0327ekimleri.jpg 454w, https:\/\/katremedya.com\/wp-content\/uploads\/2022\/02\/Su\u0308reyya_Ag\u0306aog\u0306lu_C\u0327ekimleri-300x200.jpg 300w, https:\/\/katremedya.com\/wp-content\/uploads\/2022\/02\/Su\u0308reyya_Ag\u0306aog\u0306lu_C\u0327ekimleri-450x300.jpg 450w, https:\/\/katremedya.com\/wp-content\/uploads\/2022\/02\/Su\u0308reyya_Ag\u0306aog\u0306lu_C\u0327ekimleri-90x60.jpg 90w\" sizes=\"auto, (max-width: 454px) 100vw, 454px\" \/><\/figure>\n\n\n\n<figure class=\"wp-block-image size-large\"><img loading=\"lazy\" decoding=\"async\" width=\"454\" height=\"303\" data-id=\"287\" src=\"https:\/\/katremedya.com\/wp-content\/uploads\/2022\/02\/Su\u0308reyya_Ag\u0306aog\u0306lu_C\u0327ekimleri6.jpg\" alt=\"\" class=\"wp-image-287\" srcset=\"https:\/\/katremedya.com\/wp-content\/uploads\/2022\/02\/Su\u0308reyya_Ag\u0306aog\u0306lu_C\u0327ekimleri6.jpg 454w, https:\/\/katremedya.com\/wp-content\/uploads\/2022\/02\/Su\u0308reyya_Ag\u0306aog\u0306lu_C\u0327ekimleri6-300x200.jpg 300w, https:\/\/katremedya.com\/wp-content\/uploads\/2022\/02\/Su\u0308reyya_Ag\u0306aog\u0306lu_C\u0327ekimleri6-450x300.jpg 450w, https:\/\/katremedya.com\/wp-content\/uploads\/2022\/02\/Su\u0308reyya_Ag\u0306aog\u0306lu_C\u0327ekimleri6-90x60.jpg 90w\" sizes=\"auto, (max-width: 454px) 100vw, 454px\" \/><\/figure>\n<\/figure>\n\n\n\n<figure class=\"wp-block-embed is-type-video is-provider-youtube wp-block-embed-youtube wp-embed-aspect-16-9 wp-has-aspect-ratio\"><div class=\"wp-block-embed__wrapper\">\n<iframe loading=\"lazy\" title=\"Nisvan  -  Tarihe Ad\u0131n\u0131 Yazd\u0131ran Kad\u0131nlar\" width=\"1020\" height=\"574\" src=\"https:\/\/www.youtube.com\/embed\/jGu-x7_rHQo?feature=oembed\" frameborder=\"0\" allow=\"accelerometer; autoplay; clipboard-write; encrypted-media; gyroscope; picture-in-picture\" allowfullscreen><\/iframe>\n<\/div><\/figure>\n\n\n\n<figure class=\"wp-block-embed is-type-video is-provider-youtube wp-block-embed-youtube wp-embed-aspect-16-9 wp-has-aspect-ratio\"><div class=\"wp-block-embed__wrapper\">\n<iframe loading=\"lazy\" title=\"Cevat \u00dclger Belgesel Fragman\u0131\" width=\"1020\" height=\"574\" src=\"https:\/\/www.youtube.com\/embed\/sr_r6IOGZ5Q?feature=oembed\" frameborder=\"0\" allow=\"accelerometer; autoplay; clipboard-write; encrypted-media; gyroscope; picture-in-picture\" allowfullscreen><\/iframe>\n<\/div><\/figure>\n","protected":false},"excerpt":{"rendered":"","protected":false},"author":1,"featured_media":0,"parent":0,"menu_order":0,"comment_status":"closed","ping_status":"closed","template":"","meta":{"footnotes":""},"class_list":["post-88","page","type-page","status-publish","hentry"],"_links":{"self":[{"href":"https:\/\/katremedya.com\/index.php?rest_route=\/wp\/v2\/pages\/88","targetHints":{"allow":["GET"]}}],"collection":[{"href":"https:\/\/katremedya.com\/index.php?rest_route=\/wp\/v2\/pages"}],"about":[{"href":"https:\/\/katremedya.com\/index.php?rest_route=\/wp\/v2\/types\/page"}],"author":[{"embeddable":true,"href":"https:\/\/katremedya.com\/index.php?rest_route=\/wp\/v2\/users\/1"}],"replies":[{"embeddable":true,"href":"https:\/\/katremedya.com\/index.php?rest_route=%2Fwp%2Fv2%2Fcomments&post=88"}],"version-history":[{"count":5,"href":"https:\/\/katremedya.com\/index.php?rest_route=\/wp\/v2\/pages\/88\/revisions"}],"predecessor-version":[{"id":388,"href":"https:\/\/katremedya.com\/index.php?rest_route=\/wp\/v2\/pages\/88\/revisions\/388"}],"wp:attachment":[{"href":"https:\/\/katremedya.com\/index.php?rest_route=%2Fwp%2Fv2%2Fmedia&parent=88"}],"curies":[{"name":"wp","href":"https:\/\/api.w.org\/{rel}","templated":true}]}}