{"id":289,"date":"2022-02-15T08:01:04","date_gmt":"2022-02-15T08:01:04","guid":{"rendered":"https:\/\/katremedya.com\/?page_id=289"},"modified":"2022-02-16T10:31:59","modified_gmt":"2022-02-16T10:31:59","slug":"hava-cekimleri","status":"publish","type":"page","link":"https:\/\/katremedya.com\/?page_id=289","title":{"rendered":"Hava \u00c7ekimleri"},"content":{"rendered":"\n<figure class=\"wp-block-embed is-type-video is-provider-youtube wp-block-embed-youtube wp-embed-aspect-16-9 wp-has-aspect-ratio\"><div class=\"wp-block-embed__wrapper\">\n<iframe loading=\"lazy\" title=\"Havadan Go\u0308ru\u0308ntu\u0308leme\" width=\"1020\" height=\"574\" src=\"https:\/\/www.youtube.com\/embed\/d1HZvw4881Q?feature=oembed\" frameborder=\"0\" allow=\"accelerometer; autoplay; clipboard-write; encrypted-media; gyroscope; picture-in-picture\" allowfullscreen><\/iframe>\n<\/div><\/figure>\n\n\n\n<div class=\"wp-block-image\"><figure class=\"aligncenter size-full is-resized\"><img loading=\"lazy\" decoding=\"async\" src=\"https:\/\/katremedya.com\/wp-content\/uploads\/2022\/02\/Katre.Hava_.Cekimleri.jpg\" alt=\"\" class=\"wp-image-290\" width=\"789\" height=\"308\" srcset=\"https:\/\/katremedya.com\/wp-content\/uploads\/2022\/02\/Katre.Hava_.Cekimleri.jpg 767w, https:\/\/katremedya.com\/wp-content\/uploads\/2022\/02\/Katre.Hava_.Cekimleri-300x117.jpg 300w, https:\/\/katremedya.com\/wp-content\/uploads\/2022\/02\/Katre.Hava_.Cekimleri-153x60.jpg 153w\" sizes=\"auto, (max-width: 789px) 100vw, 789px\" \/><\/figure><\/div>\n\n\n\n<div class=\"wp-block-image\"><figure class=\"aligncenter size-full is-resized\"><img loading=\"lazy\" decoding=\"async\" src=\"https:\/\/katremedya.com\/wp-content\/uploads\/2022\/02\/KAPALI.jpg\" alt=\"\" class=\"wp-image-401\" width=\"787\" height=\"443\" srcset=\"https:\/\/katremedya.com\/wp-content\/uploads\/2022\/02\/KAPALI.jpg 800w, https:\/\/katremedya.com\/wp-content\/uploads\/2022\/02\/KAPALI-300x169.jpg 300w, https:\/\/katremedya.com\/wp-content\/uploads\/2022\/02\/KAPALI-768x432.jpg 768w, https:\/\/katremedya.com\/wp-content\/uploads\/2022\/02\/KAPALI-107x60.jpg 107w\" sizes=\"auto, (max-width: 787px) 100vw, 787px\" \/><figcaption>Kapal\u0131 \u00c7ar\u015f\u0131 Havadan \u00c7ekim<\/figcaption><\/figure><\/div>\n","protected":false},"excerpt":{"rendered":"","protected":false},"author":1,"featured_media":0,"parent":0,"menu_order":0,"comment_status":"closed","ping_status":"closed","template":"","meta":{"footnotes":""},"class_list":["post-289","page","type-page","status-publish","hentry"],"_links":{"self":[{"href":"https:\/\/katremedya.com\/index.php?rest_route=\/wp\/v2\/pages\/289","targetHints":{"allow":["GET"]}}],"collection":[{"href":"https:\/\/katremedya.com\/index.php?rest_route=\/wp\/v2\/pages"}],"about":[{"href":"https:\/\/katremedya.com\/index.php?rest_route=\/wp\/v2\/types\/page"}],"author":[{"embeddable":true,"href":"https:\/\/katremedya.com\/index.php?rest_route=\/wp\/v2\/users\/1"}],"replies":[{"embeddable":true,"href":"https:\/\/katremedya.com\/index.php?rest_route=%2Fwp%2Fv2%2Fcomments&post=289"}],"version-history":[{"count":4,"href":"https:\/\/katremedya.com\/index.php?rest_route=\/wp\/v2\/pages\/289\/revisions"}],"predecessor-version":[{"id":404,"href":"https:\/\/katremedya.com\/index.php?rest_route=\/wp\/v2\/pages\/289\/revisions\/404"}],"wp:attachment":[{"href":"https:\/\/katremedya.com\/index.php?rest_route=%2Fwp%2Fv2%2Fmedia&parent=289"}],"curies":[{"name":"wp","href":"https:\/\/api.w.org\/{rel}","templated":true}]}}