{"id":2,"date":"2021-08-20T09:33:25","date_gmt":"2021-08-20T09:33:25","guid":{"rendered":"https:\/\/katremedya.com\/?page_id=2"},"modified":"2022-01-25T14:19:35","modified_gmt":"2022-01-25T14:19:35","slug":"sample-page","status":"publish","type":"page","link":"https:\/\/katremedya.com\/","title":{"rendered":"Ana Sayfa"},"content":{"rendered":"\n<p>Katre Medya olarak misyonumuz iyi, kaliteli ve faydal\u0131 i\u015fler yapmakt\u0131r.  Bizim mottomuzu en iyi anlatan s\u00f6zlerden biri  , Martin Luther King&#8217;in \u015fu s\u00f6z\u00fcd\u00fcr&#8230; <\/p>\n\n\n\n<blockquote class=\"wp-block-quote is-layout-flow wp-block-quote-is-layout-flow\"><p>\u201cE\u011fer sizden sokaklar\u0131 s\u00fcp\u00fcrmeniz istenirse Micheangelo\u2019nun resim yapt\u0131\u011f\u0131, Beethoven\u2019\u0131n beste yapt\u0131\u011f\u0131 veya Shakespeare\u2019in \u015fiir yazd\u0131\u011f\u0131 gibi s\u00fcp\u00fcr\u00fcn. O kadar g\u00fczel s\u00fcp\u00fcr\u00fcn ki, g\u00f6kteki ve yerdeki herkes durup, burada d\u00fcnyan\u0131n en iyi \u00e7\u00f6p\u00e7\u00fcs\u00fc ya\u015f\u0131yormu\u015f desin.\u201d<\/p><\/blockquote>\n\n\n\n<p>&#8230;ve inan\u0131yoruz ki :<\/p>\n\n\n\n<blockquote class=\"wp-block-quote is-layout-flow wp-block-quote-is-layout-flow\"><p>\u0130yi \u015feyler inand\u0131\u011f\u0131nda, daha iyi \u015feyler sabretti\u011finde ve en iyi \u015feyler hi\u00e7 vazge\u00e7medi\u011finde gelir\u2026<\/p><\/blockquote>\n\n\n\n<p>E\u011fer amac\u0131n\u0131z g\u00fczel bir \u015feyler yapmak ise, do\u011fru yerdesiniz&#8230; De\u011fil se, arkan\u0131za bile bakmay\u0131n..!<\/p>\n","protected":false},"excerpt":{"rendered":"<p>Katre Medya olarak misyonumuz iyi, kaliteli ve faydal\u0131 i\u015fler yapmakt\u0131r. Bizim mottomuzu en iyi anlatan s\u00f6zlerden biri , Martin Luther King&#8217;in \u015fu s\u00f6z\u00fcd\u00fcr&#8230; \u201cE\u011fer sizden sokaklar\u0131 s\u00fcp\u00fcrmeniz istenirse Micheangelo\u2019nun resim yapt\u0131\u011f\u0131, Beethoven\u2019\u0131n beste yapt\u0131\u011f\u0131 veya Shakespeare\u2019in \u015fiir yazd\u0131\u011f\u0131 gibi s\u00fcp\u00fcr\u00fcn. O kadar g\u00fczel s\u00fcp\u00fcr\u00fcn ki, g\u00f6kteki ve yerdeki herkes durup, burada d\u00fcnyan\u0131n en iyi \u00e7\u00f6p\u00e7\u00fcs\u00fc ya\u015f\u0131yormu\u015f desin.\u201d &#8230;ve inan\u0131yoruz ki : \u0130yi \u015feyler inand\u0131\u011f\u0131nda, daha &hellip; <\/p>\n","protected":false},"author":1,"featured_media":0,"parent":0,"menu_order":0,"comment_status":"closed","ping_status":"closed","template":"","meta":{"footnotes":""},"class_list":["post-2","page","type-page","status-publish","hentry"],"_links":{"self":[{"href":"https:\/\/katremedya.com\/index.php?rest_route=\/wp\/v2\/pages\/2","targetHints":{"allow":["GET"]}}],"collection":[{"href":"https:\/\/katremedya.com\/index.php?rest_route=\/wp\/v2\/pages"}],"about":[{"href":"https:\/\/katremedya.com\/index.php?rest_route=\/wp\/v2\/types\/page"}],"author":[{"embeddable":true,"href":"https:\/\/katremedya.com\/index.php?rest_route=\/wp\/v2\/users\/1"}],"replies":[{"embeddable":true,"href":"https:\/\/katremedya.com\/index.php?rest_route=%2Fwp%2Fv2%2Fcomments&post=2"}],"version-history":[{"count":9,"href":"https:\/\/katremedya.com\/index.php?rest_route=\/wp\/v2\/pages\/2\/revisions"}],"predecessor-version":[{"id":182,"href":"https:\/\/katremedya.com\/index.php?rest_route=\/wp\/v2\/pages\/2\/revisions\/182"}],"wp:attachment":[{"href":"https:\/\/katremedya.com\/index.php?rest_route=%2Fwp%2Fv2%2Fmedia&parent=2"}],"curies":[{"name":"wp","href":"https:\/\/api.w.org\/{rel}","templated":true}]}}