{"id":198,"date":"2022-01-25T16:52:33","date_gmt":"2022-01-25T16:52:33","guid":{"rendered":"https:\/\/katremedya.com\/?page_id=198"},"modified":"2022-11-29T18:13:22","modified_gmt":"2022-11-29T18:13:22","slug":"hakkimizda","status":"publish","type":"page","link":"https:\/\/katremedya.com\/?page_id=198","title":{"rendered":"Hakk\u0131m\u0131zda"},"content":{"rendered":"\n<p>KATRE MEDYA F\u0130LM YAPIM ORGAN\u0130ZASYON L\u0130M\u0130TED \u015e\u0130RKET\u0130<\/p>\n\n\n\n<p>\u015eirketimiz; 2008 y\u0131l\u0131nda \u0130stanbul\u2019un Beyo\u011flu \u0130l\u00e7esi, Tophane semtinde kuruldu. Ba\u015far\u0131 \u00f6yk\u00fcleri, toplumsal k\u00fclt\u00fcrel tarihi konular temal\u0131 belgesel yap\u0131mc\u0131l\u0131\u011f\u0131,  televizyon ve dijital platformalar i\u00e7in sa\u011fl\u0131k ve yemek programlar\u0131 , firmalar kurum ve kurulu\u015flar i\u00e7in marka dan\u0131\u015fmanl\u0131\u011f\u0131, kurumsal ileti\u015fim dan\u0131\u015fmanl\u0131\u011f\u0131, sosyal medya y\u00f6netimi,  reklam ve tan\u0131t\u0131m filmleri \u00e7ekimleri,  profesyonel foto\u011fraf ve video \u00e7ekimleri faliyet konular\u0131ndan baz\u0131lar\u0131d\u0131r.<\/p>\n\n\n\n<p>Tematik Gezici Sinema Festivali, Sergi, Konser ve Seminerler, Organizasyon ve Etkinlikler di\u011fer \u00e7al\u0131\u015fma konular\u0131ndan baz\u0131lar\u0131d\u0131r.<\/p>\n\n\n\n<p>KATRE <strong>M\u0130SYONU;<\/strong><\/p>\n\n\n\n<p><strong>\u201d&nbsp;<em>\u00dclkemize ve insanlar\u0131m\u0131za; ekonomik, sosyal ve k\u00fclt\u00fcrel katma de\u011fer olu\u015fturacak projeler \u00fcretmektir<\/em>&nbsp;\u201d<\/strong><\/p>\n\n\n\n<p>Kimsesiz \u00e7ocuklar, g\u00f6rme engelliler, huzurevinde kalanlar, evsizler ve sokak hayvanlar\u0131 i\u00e7in  kamu spotlar\u0131, sosyal sorumluluk projeleri \u00e7ekimleri bilabedel yap\u0131lmaktad\u0131r.<\/p>\n\n\n\n<p>2008 y\u0131l\u0131nda ba\u015flayan sinema ve televizyon yolculu\u011funun ilk projesi,\u00a0 T\u00fcrkiye\u2019de mesleklerin ilk kad\u0131n temsilcilerinin ba\u015far\u0131l\u0131 hayat hikayelerinin yer ald\u0131\u011f\u0131 N\u0130SVAN adl\u0131 17 b\u00f6l\u00fcml\u00fck belgesel serisidir. 19 kad\u0131n ve 17 b\u00f6l\u00fcmden olu\u015fan belgesel serisi,\u00a0<strong>Trt Belgesel<\/strong>\u00a0kanal\u0131nda yay\u0131nlanm\u0131\u015ft\u0131r.\u00a0<\/p>\n\n\n\n<p><strong>Osmanl\u0131 Mar\u015flar\u0131<\/strong>,\u00a0<strong>Mezat Sava\u015flar\u0131<\/strong>,\u00a0<strong>Hayat Veren Kitaplar<\/strong>,\u00a0<strong>Tarihi Lezzetler<\/strong>\u00a0gibi projeler, sosyal ve k\u00fclt\u00fcrel i\u00e7erikli di\u011fer projelerden baz\u0131lar\u0131d\u0131r.<\/p>\n\n\n\n<p>Firma 2017 \u2013 2018 y\u0131llar\u0131 aras\u0131nda 556 y\u0131ll\u0131k tarihi ile T\u00fcrkiye\u2019de\u00a0 ticaretin merkezi ve kalbi olarak kabul edilen Kapal\u0131\u00e7ar\u015f\u0131\u2019n\u0131n\u00a0<strong>\u201d Kurumsal \u0130leti\u015fim ve Marka Dan\u0131\u015fmanl\u0131\u011f\u0131<\/strong>\u00a0<strong>\u201c<\/strong>\u00a0g\u00f6revini y\u00fcr\u00fctm\u00fc\u015ft\u00fcr.<\/p>\n\n\n\n<p>KATRE <strong>V\u0130ZYONU ;<\/strong><\/p>\n\n\n\n<p><em><strong>\u201d D\u00fczen, disiplin, \u00e7al\u0131\u015fkanl\u0131k \u00fc\u00e7lemesiyle; severek icra etti\u011fimiz kaliteli ve marjinal i\u015fler \u00fcretmeyi \u00e7a\u011f\u0131n gerektirdi\u011fi t\u00fcm yenilikleri, geli\u015fmeleri i\u015flerimize katarak b\u00fcy\u00fcmeyi vizyonumuz kabul ediyoruz.\u201d<\/strong><\/em><\/p>\n\n\n\n<p>Martin Luther King\u2019 in \u015fu s\u00f6z\u00fcn\u00fc, mottomuz olarak kabul ediyoruz.<\/p>\n\n\n\n<p><strong>\u201cE\u011fer sizden sokaklar\u0131 s\u00fcp\u00fcrmeniz istenirse,&nbsp; Micheangelo\u2019nun resim yapt\u0131\u011f\u0131, Beethoven\u2019\u0131n beste yapt\u0131\u011f\u0131 veya Shakespeare\u2019in \u015fiir yazd\u0131\u011f\u0131 gibi s\u00fcp\u00fcr\u00fcn. O kadar g\u00fczel s\u00fcp\u00fcr\u00fcn ki, g\u00f6kteki ve yerdeki herkes durup, burada d\u00fcnyan\u0131n en iyi \u00e7\u00f6p\u00e7\u00fcs\u00fc ya\u015f\u0131yormu\u015f desin\u2026\u201d<\/strong><\/p>\n\n\n\n<p>Ortaya koydu\u011fumuz her eser, insan ve toplum merkezli fayda unsuru y\u00fcksek, en iyinin ortaya konuldu\u011fu \u00e7al\u0131\u015fmalar ve eserler olmal\u0131 d\u00fc\u015f\u00fcncesini me\u015falemiz ve \u00f6ncelikli amac\u0131m\u0131z olarak kabul ediyoruz.<\/p>\n\n\n\n<p>Mustafa Karadi\u015f \/ Yap\u0131mc\u0131 \u2013 Y\u00f6netmen<\/p>\n","protected":false},"excerpt":{"rendered":"<p>KATRE MEDYA F\u0130LM YAPIM ORGAN\u0130ZASYON L\u0130M\u0130TED \u015e\u0130RKET\u0130 \u015eirketimiz; 2008 y\u0131l\u0131nda \u0130stanbul\u2019un Beyo\u011flu \u0130l\u00e7esi, Tophane semtinde kuruldu. Ba\u015far\u0131 \u00f6yk\u00fcleri, toplumsal k\u00fclt\u00fcrel tarihi konular temal\u0131 belgesel yap\u0131mc\u0131l\u0131\u011f\u0131, televizyon ve dijital platformalar i\u00e7in sa\u011fl\u0131k ve yemek programlar\u0131 , firmalar kurum ve kurulu\u015flar i\u00e7in marka dan\u0131\u015fmanl\u0131\u011f\u0131, kurumsal ileti\u015fim dan\u0131\u015fmanl\u0131\u011f\u0131, sosyal medya y\u00f6netimi, reklam ve tan\u0131t\u0131m filmleri \u00e7ekimleri, profesyonel foto\u011fraf ve video \u00e7ekimleri faliyet konular\u0131ndan baz\u0131lar\u0131d\u0131r. Tematik Gezici Sinema Festivali, &hellip; <\/p>\n","protected":false},"author":1,"featured_media":0,"parent":0,"menu_order":0,"comment_status":"closed","ping_status":"closed","template":"","meta":{"footnotes":""},"class_list":["post-198","page","type-page","status-publish","hentry"],"_links":{"self":[{"href":"https:\/\/katremedya.com\/index.php?rest_route=\/wp\/v2\/pages\/198","targetHints":{"allow":["GET"]}}],"collection":[{"href":"https:\/\/katremedya.com\/index.php?rest_route=\/wp\/v2\/pages"}],"about":[{"href":"https:\/\/katremedya.com\/index.php?rest_route=\/wp\/v2\/types\/page"}],"author":[{"embeddable":true,"href":"https:\/\/katremedya.com\/index.php?rest_route=\/wp\/v2\/users\/1"}],"replies":[{"embeddable":true,"href":"https:\/\/katremedya.com\/index.php?rest_route=%2Fwp%2Fv2%2Fcomments&post=198"}],"version-history":[{"count":10,"href":"https:\/\/katremedya.com\/index.php?rest_route=\/wp\/v2\/pages\/198\/revisions"}],"predecessor-version":[{"id":448,"href":"https:\/\/katremedya.com\/index.php?rest_route=\/wp\/v2\/pages\/198\/revisions\/448"}],"wp:attachment":[{"href":"https:\/\/katremedya.com\/index.php?rest_route=%2Fwp%2Fv2%2Fmedia&parent=198"}],"curies":[{"name":"wp","href":"https:\/\/api.w.org\/{rel}","templated":true}]}}