{"id":125,"date":"2022-01-25T10:16:22","date_gmt":"2022-01-25T10:16:22","guid":{"rendered":"https:\/\/katremedya.com\/?page_id=125"},"modified":"2022-02-16T10:06:27","modified_gmt":"2022-02-16T10:06:27","slug":"kurgu-montaj-ses-kayit","status":"publish","type":"page","link":"https:\/\/katremedya.com\/?page_id=125","title":{"rendered":"Kurgu, Montaj, Ses Kay\u0131t"},"content":{"rendered":"\n<p>Beyo\u011flu Tophane&#8217;de bulunan Katre St\u00fcdyo&#8217;da Sinema Filmi Dublaj\u0131, Sesli Tiyatro kay\u0131tlar\u0131, Belgesel D\u0131\u015f Ses Kay\u0131tlar\u0131, M\u00fczik Kay\u0131tlar\u0131 yap\u0131lmaktad\u0131r. Ayr\u0131ca, Profesyonel, Sinema, Belgesel, Reklam, Klip \u00c7ekimleri vs. video kurgular\u0131 Katre Medya b\u00fcnyesinde st\u00fcdyomuzda yap\u0131labilmektedir.<\/p>\n\n\n\n<figure class=\"wp-block-image size-large\"><img loading=\"lazy\" decoding=\"async\" width=\"1024\" height=\"576\" src=\"https:\/\/katremedya.com\/wp-content\/uploads\/2022\/02\/S3.Katre_-1024x576.jpg\" alt=\"\" class=\"wp-image-373\" srcset=\"https:\/\/katremedya.com\/wp-content\/uploads\/2022\/02\/S3.Katre_-1024x576.jpg 1024w, https:\/\/katremedya.com\/wp-content\/uploads\/2022\/02\/S3.Katre_-300x169.jpg 300w, https:\/\/katremedya.com\/wp-content\/uploads\/2022\/02\/S3.Katre_-768x432.jpg 768w, https:\/\/katremedya.com\/wp-content\/uploads\/2022\/02\/S3.Katre_-1536x864.jpg 1536w, https:\/\/katremedya.com\/wp-content\/uploads\/2022\/02\/S3.Katre_-107x60.jpg 107w, https:\/\/katremedya.com\/wp-content\/uploads\/2022\/02\/S3.Katre_.jpg 1920w\" sizes=\"auto, (max-width: 1024px) 100vw, 1024px\" \/><\/figure>\n\n\n","protected":false},"excerpt":{"rendered":"<p>Beyo\u011flu Tophane&#8217;de bulunan Katre St\u00fcdyo&#8217;da Sinema Filmi Dublaj\u0131, Sesli Tiyatro kay\u0131tlar\u0131, Belgesel D\u0131\u015f Ses Kay\u0131tlar\u0131, M\u00fczik Kay\u0131tlar\u0131 yap\u0131lmaktad\u0131r. Ayr\u0131ca, Profesyonel, Sinema, Belgesel, Reklam, Klip \u00c7ekimleri vs. video kurgular\u0131 Katre Medya b\u00fcnyesinde st\u00fcdyomuzda yap\u0131labilmektedir.<\/p>\n","protected":false},"author":1,"featured_media":0,"parent":0,"menu_order":0,"comment_status":"closed","ping_status":"closed","template":"","meta":{"footnotes":""},"class_list":["post-125","page","type-page","status-publish","hentry"],"_links":{"self":[{"href":"https:\/\/katremedya.com\/index.php?rest_route=\/wp\/v2\/pages\/125","targetHints":{"allow":["GET"]}}],"collection":[{"href":"https:\/\/katremedya.com\/index.php?rest_route=\/wp\/v2\/pages"}],"about":[{"href":"https:\/\/katremedya.com\/index.php?rest_route=\/wp\/v2\/types\/page"}],"author":[{"embeddable":true,"href":"https:\/\/katremedya.com\/index.php?rest_route=\/wp\/v2\/users\/1"}],"replies":[{"embeddable":true,"href":"https:\/\/katremedya.com\/index.php?rest_route=%2Fwp%2Fv2%2Fcomments&post=125"}],"version-history":[{"count":6,"href":"https:\/\/katremedya.com\/index.php?rest_route=\/wp\/v2\/pages\/125\/revisions"}],"predecessor-version":[{"id":379,"href":"https:\/\/katremedya.com\/index.php?rest_route=\/wp\/v2\/pages\/125\/revisions\/379"}],"wp:attachment":[{"href":"https:\/\/katremedya.com\/index.php?rest_route=%2Fwp%2Fv2%2Fmedia&parent=125"}],"curies":[{"name":"wp","href":"https:\/\/api.w.org\/{rel}","templated":true}]}}