{"id":121,"date":"2022-01-25T10:15:57","date_gmt":"2022-01-25T10:15:57","guid":{"rendered":"https:\/\/katremedya.com\/?page_id=121"},"modified":"2022-02-16T10:36:31","modified_gmt":"2022-02-16T10:36:31","slug":"kamu-spotu-calismalari","status":"publish","type":"page","link":"https:\/\/katremedya.com\/?page_id=121","title":{"rendered":"Kamu Spotu \u00c7al\u0131\u015fmalar\u0131"},"content":{"rendered":"\n<p>\u0130BB Sesli K\u00fct\u00fcphane i\u00e7in bedelsiz olarak \u00e7ekimlerini yapt\u0131\u011f\u0131m\u0131z, G\u00d6N\u00dcLL\u00dc OKUYUCU projemiz \u00e7ok ses getirmi\u015f, Sesli K\u00fct\u00fcphane&#8217;ye Marmara Belediyeler Birli\u011fi taraf\u0131ndan T\u00fcrkiye&#8217;nin en iyi ikinci sosyal sorumluluk projesi \u00f6d\u00fcl\u00fcn\u00fc kazand\u0131rm\u0131\u015ft\u0131&#8230;<\/p>\n\n\n\n<figure class=\"wp-block-embed is-type-video is-provider-youtube wp-block-embed-youtube wp-embed-aspect-16-9 wp-has-aspect-ratio\"><div class=\"wp-block-embed__wrapper\">\n<iframe loading=\"lazy\" title=\"Sesli K\u00fct\u00fcphane - Tayyip Enes G\u00f6lyeri r\u00f6portaj\" width=\"1020\" height=\"574\" src=\"https:\/\/www.youtube.com\/embed\/n092_z3rz4k?start=4&#038;feature=oembed\" frameborder=\"0\" allow=\"accelerometer; autoplay; clipboard-write; encrypted-media; gyroscope; picture-in-picture\" allowfullscreen><\/iframe>\n<\/div><\/figure>\n\n\n\n<figure class=\"wp-block-embed is-type-video is-provider-youtube wp-block-embed-youtube wp-embed-aspect-16-9 wp-has-aspect-ratio\"><div class=\"wp-block-embed__wrapper\">\n<iframe loading=\"lazy\" title=\"Sesli K\u00fct\u00fcphane - Seda Eyy\u00fcpo\u011flu soruyor &quot; Nas\u0131l G\u00f6n\u00fcll\u00fc E\u011fitmen Olabilirim? &quot;\" width=\"1020\" height=\"574\" src=\"https:\/\/www.youtube.com\/embed\/_Da8Z1qGXvQ?feature=oembed\" frameborder=\"0\" allow=\"accelerometer; autoplay; clipboard-write; encrypted-media; gyroscope; picture-in-picture\" allowfullscreen><\/iframe>\n<\/div><\/figure>\n\n\n\n<figure class=\"wp-block-embed is-type-video is-provider-youtube wp-block-embed-youtube wp-embed-aspect-16-9 wp-has-aspect-ratio\"><div class=\"wp-block-embed__wrapper\">\n<iframe loading=\"lazy\" title=\"Sesli K\u00fct\u00fcphane - Engelsiz ya\u015fam i\u00e7in G\u00f6n\u00fcll\u00fc Okuyuculara mesajlar\" width=\"1020\" height=\"574\" src=\"https:\/\/www.youtube.com\/embed\/F753XvCD0xg?feature=oembed\" frameborder=\"0\" allow=\"accelerometer; autoplay; clipboard-write; encrypted-media; gyroscope; picture-in-picture\" allowfullscreen><\/iframe>\n<\/div><\/figure>\n","protected":false},"excerpt":{"rendered":"<p>\u0130BB Sesli K\u00fct\u00fcphane i\u00e7in bedelsiz olarak \u00e7ekimlerini yapt\u0131\u011f\u0131m\u0131z, G\u00d6N\u00dcLL\u00dc OKUYUCU projemiz \u00e7ok ses getirmi\u015f, Sesli K\u00fct\u00fcphane&#8217;ye Marmara Belediyeler Birli\u011fi taraf\u0131ndan T\u00fcrkiye&#8217;nin en iyi ikinci sosyal sorumluluk projesi \u00f6d\u00fcl\u00fcn\u00fc kazand\u0131rm\u0131\u015ft\u0131&#8230;<\/p>\n","protected":false},"author":1,"featured_media":0,"parent":0,"menu_order":0,"comment_status":"closed","ping_status":"closed","template":"","meta":{"footnotes":""},"class_list":["post-121","page","type-page","status-publish","hentry"],"_links":{"self":[{"href":"https:\/\/katremedya.com\/index.php?rest_route=\/wp\/v2\/pages\/121","targetHints":{"allow":["GET"]}}],"collection":[{"href":"https:\/\/katremedya.com\/index.php?rest_route=\/wp\/v2\/pages"}],"about":[{"href":"https:\/\/katremedya.com\/index.php?rest_route=\/wp\/v2\/types\/page"}],"author":[{"embeddable":true,"href":"https:\/\/katremedya.com\/index.php?rest_route=\/wp\/v2\/users\/1"}],"replies":[{"embeddable":true,"href":"https:\/\/katremedya.com\/index.php?rest_route=%2Fwp%2Fv2%2Fcomments&post=121"}],"version-history":[{"count":4,"href":"https:\/\/katremedya.com\/index.php?rest_route=\/wp\/v2\/pages\/121\/revisions"}],"predecessor-version":[{"id":406,"href":"https:\/\/katremedya.com\/index.php?rest_route=\/wp\/v2\/pages\/121\/revisions\/406"}],"wp:attachment":[{"href":"https:\/\/katremedya.com\/index.php?rest_route=%2Fwp%2Fv2%2Fmedia&parent=121"}],"curies":[{"name":"wp","href":"https:\/\/api.w.org\/{rel}","templated":true}]}}