{"id":115,"date":"2022-01-25T10:15:16","date_gmt":"2022-01-25T10:15:16","guid":{"rendered":"https:\/\/katremedya.com\/?page_id=115"},"modified":"2022-02-15T18:53:34","modified_gmt":"2022-02-15T18:53:34","slug":"tv-programciligi","status":"publish","type":"page","link":"https:\/\/katremedya.com\/?page_id=115","title":{"rendered":"Tv Programc\u0131l\u0131\u011f\u0131"},"content":{"rendered":"\n<figure class=\"wp-block-image size-large\"><img loading=\"lazy\" decoding=\"async\" width=\"724\" height=\"1024\" src=\"https:\/\/katremedya.com\/wp-content\/uploads\/2022\/02\/Tarihi.Lezzetler.Kapak_-724x1024.jpg\" alt=\"\" class=\"wp-image-257\" srcset=\"https:\/\/katremedya.com\/wp-content\/uploads\/2022\/02\/Tarihi.Lezzetler.Kapak_-724x1024.jpg 724w, https:\/\/katremedya.com\/wp-content\/uploads\/2022\/02\/Tarihi.Lezzetler.Kapak_-212x300.jpg 212w, https:\/\/katremedya.com\/wp-content\/uploads\/2022\/02\/Tarihi.Lezzetler.Kapak_-768x1086.jpg 768w, https:\/\/katremedya.com\/wp-content\/uploads\/2022\/02\/Tarihi.Lezzetler.Kapak_-1086x1536.jpg 1086w, https:\/\/katremedya.com\/wp-content\/uploads\/2022\/02\/Tarihi.Lezzetler.Kapak_-42x60.jpg 42w, https:\/\/katremedya.com\/wp-content\/uploads\/2022\/02\/Tarihi.Lezzetler.Kapak_.jpg 1240w\" sizes=\"auto, (max-width: 724px) 100vw, 724px\" \/><\/figure>\n\n\n\n<figure class=\"wp-block-embed is-type-video is-provider-youtube wp-block-embed-youtube wp-embed-aspect-16-9 wp-has-aspect-ratio\"><div class=\"wp-block-embed__wrapper\">\n<iframe loading=\"lazy\" title=\"Ediz HUN&#039;dan \u0130nciler\" width=\"1020\" height=\"574\" src=\"https:\/\/www.youtube.com\/embed\/u5CaT3lxmjY?feature=oembed\" frameborder=\"0\" allow=\"accelerometer; autoplay; clipboard-write; encrypted-media; gyroscope; picture-in-picture\" allowfullscreen><\/iframe>\n<\/div><\/figure>\n\n\n\n<figure class=\"wp-block-embed is-type-video is-provider-youtube wp-block-embed-youtube wp-embed-aspect-16-9 wp-has-aspect-ratio\"><div class=\"wp-block-embed__wrapper\">\n<iframe loading=\"lazy\" title=\"\u0130STANBUL K\u0130TCHEN&#039;S ACADEMY&#039; DE PASTA DERSLER\u0130\" width=\"1020\" height=\"574\" src=\"https:\/\/www.youtube.com\/embed\/KVDyEPeCvjE?feature=oembed\" frameborder=\"0\" allow=\"accelerometer; autoplay; clipboard-write; encrypted-media; gyroscope; picture-in-picture\" allowfullscreen><\/iframe>\n<\/div><\/figure>\n","protected":false},"excerpt":{"rendered":"","protected":false},"author":1,"featured_media":0,"parent":0,"menu_order":0,"comment_status":"closed","ping_status":"closed","template":"","meta":{"footnotes":""},"class_list":["post-115","page","type-page","status-publish","hentry"],"_links":{"self":[{"href":"https:\/\/katremedya.com\/index.php?rest_route=\/wp\/v2\/pages\/115","targetHints":{"allow":["GET"]}}],"collection":[{"href":"https:\/\/katremedya.com\/index.php?rest_route=\/wp\/v2\/pages"}],"about":[{"href":"https:\/\/katremedya.com\/index.php?rest_route=\/wp\/v2\/types\/page"}],"author":[{"embeddable":true,"href":"https:\/\/katremedya.com\/index.php?rest_route=\/wp\/v2\/users\/1"}],"replies":[{"embeddable":true,"href":"https:\/\/katremedya.com\/index.php?rest_route=%2Fwp%2Fv2%2Fcomments&post=115"}],"version-history":[{"count":4,"href":"https:\/\/katremedya.com\/index.php?rest_route=\/wp\/v2\/pages\/115\/revisions"}],"predecessor-version":[{"id":369,"href":"https:\/\/katremedya.com\/index.php?rest_route=\/wp\/v2\/pages\/115\/revisions\/369"}],"wp:attachment":[{"href":"https:\/\/katremedya.com\/index.php?rest_route=%2Fwp%2Fv2%2Fmedia&parent=115"}],"curies":[{"name":"wp","href":"https:\/\/api.w.org\/{rel}","templated":true}]}}