{"id":112,"date":"2022-01-25T10:14:50","date_gmt":"2022-01-25T10:14:50","guid":{"rendered":"https:\/\/katremedya.com\/?page_id=112"},"modified":"2022-02-16T10:18:00","modified_gmt":"2022-02-16T10:18:00","slug":"grafik-ve-web-tasarim","status":"publish","type":"page","link":"https:\/\/katremedya.com\/?page_id=112","title":{"rendered":"Grafik ve Web Tasar\u0131m"},"content":{"rendered":"\n<p>Men\u00fc, Katalog, Kartvizit, Afi\u015f, Logo vs. t\u00fcm tasar\u0131m ihtiya\u00e7lar\u0131n\u0131zda profesyonel \u00e7\u00f6z\u00fcmler sunuyoruz. Ayr\u0131ca, markalar\u0131n\u0131z i\u00e7in g\u00fcvenli, trafik sorunu olmayan, kurumsal web siteleri yap\u0131yoruz.<\/p>\n\n\n\n<figure class=\"wp-block-image size-full\"><img loading=\"lazy\" decoding=\"async\" width=\"800\" height=\"406\" src=\"https:\/\/katremedya.com\/wp-content\/uploads\/2022\/02\/grafic002.jpg\" alt=\"\" class=\"wp-image-381\" srcset=\"https:\/\/katremedya.com\/wp-content\/uploads\/2022\/02\/grafic002.jpg 800w, https:\/\/katremedya.com\/wp-content\/uploads\/2022\/02\/grafic002-300x152.jpg 300w, https:\/\/katremedya.com\/wp-content\/uploads\/2022\/02\/grafic002-768x390.jpg 768w, https:\/\/katremedya.com\/wp-content\/uploads\/2022\/02\/grafic002-118x60.jpg 118w\" sizes=\"auto, (max-width: 800px) 100vw, 800px\" \/><\/figure>\n\n\n\n<figure class=\"wp-block-image size-large is-resized\"><img loading=\"lazy\" decoding=\"async\" src=\"https:\/\/katremedya.com\/wp-content\/uploads\/2022\/02\/grafic001-1-1024x520.jpg\" alt=\"\" class=\"wp-image-385\" width=\"802\" height=\"407\" srcset=\"https:\/\/katremedya.com\/wp-content\/uploads\/2022\/02\/grafic001-1-1024x520.jpg 1024w, https:\/\/katremedya.com\/wp-content\/uploads\/2022\/02\/grafic001-1-300x152.jpg 300w, https:\/\/katremedya.com\/wp-content\/uploads\/2022\/02\/grafic001-1-768x390.jpg 768w, https:\/\/katremedya.com\/wp-content\/uploads\/2022\/02\/grafic001-1-1536x780.jpg 1536w, https:\/\/katremedya.com\/wp-content\/uploads\/2022\/02\/grafic001-1-118x60.jpg 118w, https:\/\/katremedya.com\/wp-content\/uploads\/2022\/02\/grafic001-1.jpg 2032w\" sizes=\"auto, (max-width: 802px) 100vw, 802px\" \/><\/figure>\n","protected":false},"excerpt":{"rendered":"<p>Men\u00fc, Katalog, Kartvizit, Afi\u015f, Logo vs. t\u00fcm tasar\u0131m ihtiya\u00e7lar\u0131n\u0131zda profesyonel \u00e7\u00f6z\u00fcmler sunuyoruz. Ayr\u0131ca, markalar\u0131n\u0131z i\u00e7in g\u00fcvenli, trafik sorunu olmayan, kurumsal web siteleri yap\u0131yoruz.<\/p>\n","protected":false},"author":1,"featured_media":0,"parent":0,"menu_order":0,"comment_status":"closed","ping_status":"closed","template":"","meta":{"footnotes":""},"class_list":["post-112","page","type-page","status-publish","hentry"],"_links":{"self":[{"href":"https:\/\/katremedya.com\/index.php?rest_route=\/wp\/v2\/pages\/112","targetHints":{"allow":["GET"]}}],"collection":[{"href":"https:\/\/katremedya.com\/index.php?rest_route=\/wp\/v2\/pages"}],"about":[{"href":"https:\/\/katremedya.com\/index.php?rest_route=\/wp\/v2\/types\/page"}],"author":[{"embeddable":true,"href":"https:\/\/katremedya.com\/index.php?rest_route=\/wp\/v2\/users\/1"}],"replies":[{"embeddable":true,"href":"https:\/\/katremedya.com\/index.php?rest_route=%2Fwp%2Fv2%2Fcomments&post=112"}],"version-history":[{"count":5,"href":"https:\/\/katremedya.com\/index.php?rest_route=\/wp\/v2\/pages\/112\/revisions"}],"predecessor-version":[{"id":387,"href":"https:\/\/katremedya.com\/index.php?rest_route=\/wp\/v2\/pages\/112\/revisions\/387"}],"wp:attachment":[{"href":"https:\/\/katremedya.com\/index.php?rest_route=%2Fwp%2Fv2%2Fmedia&parent=112"}],"curies":[{"name":"wp","href":"https:\/\/api.w.org\/{rel}","templated":true}]}}