{"id":109,"date":"2022-01-25T10:14:15","date_gmt":"2022-01-25T10:14:15","guid":{"rendered":"https:\/\/katremedya.com\/?page_id=109"},"modified":"2022-02-16T10:27:53","modified_gmt":"2022-02-16T10:27:53","slug":"fotografcilik","status":"publish","type":"page","link":"https:\/\/katremedya.com\/?page_id=109","title":{"rendered":"Foto\u011fraf\u00e7\u0131l\u0131k"},"content":{"rendered":"\n<figure class=\"wp-block-image size-full is-resized\"><img loading=\"lazy\" decoding=\"async\" src=\"https:\/\/katremedya.com\/wp-content\/uploads\/2022\/02\/Katre.Yemek_.Programi.jpg\" alt=\"\" class=\"wp-image-262\" width=\"773\" height=\"302\" srcset=\"https:\/\/katremedya.com\/wp-content\/uploads\/2022\/02\/Katre.Yemek_.Programi.jpg 767w, https:\/\/katremedya.com\/wp-content\/uploads\/2022\/02\/Katre.Yemek_.Programi-300x117.jpg 300w, https:\/\/katremedya.com\/wp-content\/uploads\/2022\/02\/Katre.Yemek_.Programi-153x60.jpg 153w\" sizes=\"auto, (max-width: 773px) 100vw, 773px\" \/><\/figure>\n\n\n\n<p>Katre Medya olarak, profesyonel \u00fcr\u00fcn foto\u011fraflar\u0131, yemek foto\u011fraflar\u0131, head-shot foto\u011fraflar\u0131, <\/p>\n\n\n\n<p>model foto\u011fraflar\u0131, mekan foto\u011fraflar\u0131 \u00e7ekimleri yap\u0131lmaktad\u0131r. <\/p>\n\n\n\n<figure class=\"wp-block-image size-large is-resized\"><img loading=\"lazy\" decoding=\"async\" src=\"https:\/\/katremedya.com\/wp-content\/uploads\/2022\/02\/ekip-1024x768.jpeg\" alt=\"\" class=\"wp-image-392\" width=\"775\" height=\"581\" srcset=\"https:\/\/katremedya.com\/wp-content\/uploads\/2022\/02\/ekip-1024x768.jpeg 1024w, https:\/\/katremedya.com\/wp-content\/uploads\/2022\/02\/ekip-300x225.jpeg 300w, https:\/\/katremedya.com\/wp-content\/uploads\/2022\/02\/ekip-768x576.jpeg 768w, https:\/\/katremedya.com\/wp-content\/uploads\/2022\/02\/ekip-1536x1152.jpeg 1536w, https:\/\/katremedya.com\/wp-content\/uploads\/2022\/02\/ekip-80x60.jpeg 80w, https:\/\/katremedya.com\/wp-content\/uploads\/2022\/02\/ekip.jpeg 1600w\" sizes=\"auto, (max-width: 775px) 100vw, 775px\" \/><\/figure>\n\n\n\n<figure class=\"wp-block-image size-full is-resized\"><img loading=\"lazy\" decoding=\"async\" src=\"https:\/\/katremedya.com\/wp-content\/uploads\/2022\/02\/Katre.Ekipman1.jpg\" alt=\"\" class=\"wp-image-393\" width=\"778\" height=\"305\" srcset=\"https:\/\/katremedya.com\/wp-content\/uploads\/2022\/02\/Katre.Ekipman1.jpg 767w, https:\/\/katremedya.com\/wp-content\/uploads\/2022\/02\/Katre.Ekipman1-300x117.jpg 300w, https:\/\/katremedya.com\/wp-content\/uploads\/2022\/02\/Katre.Ekipman1-153x60.jpg 153w\" sizes=\"auto, (max-width: 778px) 100vw, 778px\" \/><\/figure>\n","protected":false},"excerpt":{"rendered":"<p>Katre Medya olarak, profesyonel \u00fcr\u00fcn foto\u011fraflar\u0131, yemek foto\u011fraflar\u0131, head-shot foto\u011fraflar\u0131, model foto\u011fraflar\u0131, mekan foto\u011fraflar\u0131 \u00e7ekimleri yap\u0131lmaktad\u0131r.<\/p>\n","protected":false},"author":1,"featured_media":0,"parent":0,"menu_order":0,"comment_status":"closed","ping_status":"closed","template":"","meta":{"footnotes":""},"class_list":["post-109","page","type-page","status-publish","hentry"],"_links":{"self":[{"href":"https:\/\/katremedya.com\/index.php?rest_route=\/wp\/v2\/pages\/109","targetHints":{"allow":["GET"]}}],"collection":[{"href":"https:\/\/katremedya.com\/index.php?rest_route=\/wp\/v2\/pages"}],"about":[{"href":"https:\/\/katremedya.com\/index.php?rest_route=\/wp\/v2\/types\/page"}],"author":[{"embeddable":true,"href":"https:\/\/katremedya.com\/index.php?rest_route=\/wp\/v2\/users\/1"}],"replies":[{"embeddable":true,"href":"https:\/\/katremedya.com\/index.php?rest_route=%2Fwp%2Fv2%2Fcomments&post=109"}],"version-history":[{"count":8,"href":"https:\/\/katremedya.com\/index.php?rest_route=\/wp\/v2\/pages\/109\/revisions"}],"predecessor-version":[{"id":398,"href":"https:\/\/katremedya.com\/index.php?rest_route=\/wp\/v2\/pages\/109\/revisions\/398"}],"wp:attachment":[{"href":"https:\/\/katremedya.com\/index.php?rest_route=%2Fwp%2Fv2%2Fmedia&parent=109"}],"curies":[{"name":"wp","href":"https:\/\/api.w.org\/{rel}","templated":true}]}}